{"id":9105,"date":"2026-05-06T14:30:53","date_gmt":"2026-05-06T12:30:53","guid":{"rendered":"https:\/\/mudia.be\/?page_id=9105"},"modified":"2026-05-06T14:30:55","modified_gmt":"2026-05-06T12:30:55","slug":"inscription-a-notre-newsletter","status":"publish","type":"page","link":"https:\/\/mudia.be\/nl\/inscription-a-notre-newsletter\/","title":{"rendered":"Inscription \u00e0 notre newsletter"},"content":{"rendered":"<p><strong>Restez inform\u00e9 de l\u2019actualit\u00e9 du MUDIA<\/strong><\/p>\n\n\n\n<p>Inscrivez-vous \u00e0 notre newsletter pour recevoir en avant-premi\u00e8re nos actualit\u00e9s, \u00e9v\u00e9nements, expositions et nouveaut\u00e9s. Une fa\u00e7on simple de ne rien manquer de la vie du mus\u00e9e et de prolonger l\u2019exp\u00e9rience MUDIA, o\u00f9 que vous soyez.<\/p>","protected":false},"excerpt":{"rendered":"<p>Restez inform\u00e9 de l\u2019actualit\u00e9 du MUDIA Inscrivez-vous \u00e0 notre newsletter pour recevoir en avant-premi\u00e8re nos actualit\u00e9s, \u00e9v\u00e9nements, expositions et nouveaut\u00e9s. Une fa\u00e7on simple de ne&#8230;<\/p>","protected":false},"author":7,"featured_media":0,"parent":0,"menu_order":0,"comment_status":"closed","ping_status":"closed","template":"","meta":{"footnotes":""},"class_list":["post-9105","page","type-page","status-publish","hentry"],"yoast_head":"<!-- This site is optimized with the Yoast SEO plugin v27.5 - https:\/\/yoast.com\/product\/yoast-seo-wordpress\/ -->\n<title>Inscription \u00e0 notre newsletter - Mudia<\/title>\n<meta name=\"robots\" content=\"index, follow, max-snippet:-1, max-image-preview:large, max-video-preview:-1\" \/>\n<link rel=\"canonical\" href=\"https:\/\/mudia.be\/nl\/inscription-a-notre-newsletter\/\" \/>\n<meta property=\"og:locale\" content=\"nl_BE\" \/>\n<meta property=\"og:type\" content=\"article\" \/>\n<meta property=\"og:title\" content=\"Inscription \u00e0 notre newsletter - Mudia\" \/>\n<meta property=\"og:description\" content=\"Restez inform\u00e9 de l\u2019actualit\u00e9 du MUDIA Inscrivez-vous \u00e0 notre newsletter pour recevoir en avant-premi\u00e8re nos actualit\u00e9s, \u00e9v\u00e9nements, expositions et nouveaut\u00e9s. Une fa\u00e7on simple de ne...\" \/>\n<meta property=\"og:url\" content=\"https:\/\/mudia.be\/nl\/inscription-a-notre-newsletter\/\" \/>\n<meta property=\"og:site_name\" content=\"Mudia\" \/>\n<meta property=\"article:modified_time\" content=\"2026-05-06T12:30:55+00:00\" \/>\n<meta name=\"twitter:card\" content=\"summary_large_image\" \/>\n<meta name=\"twitter:label1\" content=\"Geschatte leestijd\" \/>\n\t<meta name=\"twitter:data1\" content=\"1 minuut\" \/>\n<script type=\"application\/ld+json\" class=\"yoast-schema-graph\">{\"@context\":\"https:\\\/\\\/schema.org\",\"@graph\":[{\"@type\":\"WebPage\",\"@id\":\"https:\\\/\\\/mudia.be\\\/inscription-a-notre-newsletter\\\/\",\"url\":\"https:\\\/\\\/mudia.be\\\/inscription-a-notre-newsletter\\\/\",\"name\":\"Inscription \u00e0 notre newsletter - Mudia\",\"isPartOf\":{\"@id\":\"https:\\\/\\\/mudia.be\\\/#website\"},\"datePublished\":\"2026-05-06T12:30:53+00:00\",\"dateModified\":\"2026-05-06T12:30:55+00:00\",\"breadcrumb\":{\"@id\":\"https:\\\/\\\/mudia.be\\\/inscription-a-notre-newsletter\\\/#breadcrumb\"},\"inLanguage\":\"nl-BE\",\"potentialAction\":[{\"@type\":\"ReadAction\",\"target\":[\"https:\\\/\\\/mudia.be\\\/inscription-a-notre-newsletter\\\/\"]}]},{\"@type\":\"BreadcrumbList\",\"@id\":\"https:\\\/\\\/mudia.be\\\/inscription-a-notre-newsletter\\\/#breadcrumb\",\"itemListElement\":[{\"@type\":\"ListItem\",\"position\":1,\"name\":\"Accueil\",\"item\":\"https:\\\/\\\/mudia.be\\\/\"},{\"@type\":\"ListItem\",\"position\":2,\"name\":\"Inscription \u00e0 notre newsletter\"}]},{\"@type\":\"WebSite\",\"@id\":\"https:\\\/\\\/mudia.be\\\/#website\",\"url\":\"https:\\\/\\\/mudia.be\\\/\",\"name\":\"Mudia\",\"description\":\"L&#039;art autrement\",\"potentialAction\":[{\"@type\":\"SearchAction\",\"target\":{\"@type\":\"EntryPoint\",\"urlTemplate\":\"https:\\\/\\\/mudia.be\\\/?s={search_term_string}\"},\"query-input\":{\"@type\":\"PropertyValueSpecification\",\"valueRequired\":true,\"valueName\":\"search_term_string\"}}],\"inLanguage\":\"nl-BE\"}]}<\/script>\n<!-- \/ Yoast SEO plugin. -->","yoast_head_json":{"title":"Inscription \u00e0 notre newsletter - Mudia","robots":{"index":"index","follow":"follow","max-snippet":"max-snippet:-1","max-image-preview":"max-image-preview:large","max-video-preview":"max-video-preview:-1"},"canonical":"https:\/\/mudia.be\/nl\/inscription-a-notre-newsletter\/","og_locale":"nl_BE","og_type":"article","og_title":"Inscription \u00e0 notre newsletter - Mudia","og_description":"Restez inform\u00e9 de l\u2019actualit\u00e9 du MUDIA Inscrivez-vous \u00e0 notre newsletter pour recevoir en avant-premi\u00e8re nos actualit\u00e9s, \u00e9v\u00e9nements, expositions et nouveaut\u00e9s. Une fa\u00e7on simple de ne...","og_url":"https:\/\/mudia.be\/nl\/inscription-a-notre-newsletter\/","og_site_name":"Mudia","article_modified_time":"2026-05-06T12:30:55+00:00","twitter_card":"summary_large_image","twitter_misc":{"Geschatte leestijd":"1 minuut"},"schema":{"@context":"https:\/\/schema.org","@graph":[{"@type":"WebPage","@id":"https:\/\/mudia.be\/inscription-a-notre-newsletter\/","url":"https:\/\/mudia.be\/inscription-a-notre-newsletter\/","name":"Inscription \u00e0 notre newsletter - Mudia","isPartOf":{"@id":"https:\/\/mudia.be\/#website"},"datePublished":"2026-05-06T12:30:53+00:00","dateModified":"2026-05-06T12:30:55+00:00","breadcrumb":{"@id":"https:\/\/mudia.be\/inscription-a-notre-newsletter\/#breadcrumb"},"inLanguage":"nl-BE","potentialAction":[{"@type":"ReadAction","target":["https:\/\/mudia.be\/inscription-a-notre-newsletter\/"]}]},{"@type":"BreadcrumbList","@id":"https:\/\/mudia.be\/inscription-a-notre-newsletter\/#breadcrumb","itemListElement":[{"@type":"ListItem","position":1,"name":"Accueil","item":"https:\/\/mudia.be\/"},{"@type":"ListItem","position":2,"name":"Inscription \u00e0 notre newsletter"}]},{"@type":"WebSite","@id":"https:\/\/mudia.be\/#website","url":"https:\/\/mudia.be\/","name":"Mudia","description":"L&#039;art autrement","potentialAction":[{"@type":"SearchAction","target":{"@type":"EntryPoint","urlTemplate":"https:\/\/mudia.be\/?s={search_term_string}"},"query-input":{"@type":"PropertyValueSpecification","valueRequired":true,"valueName":"search_term_string"}}],"inLanguage":"nl-BE"}]}},"_links":{"self":[{"href":"https:\/\/mudia.be\/nl\/wp-json\/wp\/v2\/pages\/9105","targetHints":{"allow":["GET"]}}],"collection":[{"href":"https:\/\/mudia.be\/nl\/wp-json\/wp\/v2\/pages"}],"about":[{"href":"https:\/\/mudia.be\/nl\/wp-json\/wp\/v2\/types\/page"}],"author":[{"embeddable":true,"href":"https:\/\/mudia.be\/nl\/wp-json\/wp\/v2\/users\/7"}],"replies":[{"embeddable":true,"href":"https:\/\/mudia.be\/nl\/wp-json\/wp\/v2\/comments?post=9105"}],"version-history":[{"count":1,"href":"https:\/\/mudia.be\/nl\/wp-json\/wp\/v2\/pages\/9105\/revisions"}],"predecessor-version":[{"id":9106,"href":"https:\/\/mudia.be\/nl\/wp-json\/wp\/v2\/pages\/9105\/revisions\/9106"}],"wp:attachment":[{"href":"https:\/\/mudia.be\/nl\/wp-json\/wp\/v2\/media?parent=9105"}],"curies":[{"name":"wp","href":"https:\/\/api.w.org\/{rel}","templated":true}]}}