{"id":8756,"date":"2025-11-28T14:59:06","date_gmt":"2025-11-28T13:59:06","guid":{"rendered":"https:\/\/mudia.be\/?page_id=8756"},"modified":"2025-11-28T15:33:34","modified_gmt":"2025-11-28T14:33:34","slug":"notre-actualite","status":"publish","type":"page","link":"https:\/\/mudia.be\/nl\/notre-actualite\/","title":{"rendered":"Notre actualit\u00e9"},"content":{"rendered":"<div data-elementor-type=\"wp-page\" data-elementor-id=\"8756\" class=\"elementor elementor-8756\" data-elementor-post-type=\"page\">\n\t\t\t\t\t\t<section class=\"elementor-section elementor-top-section elementor-element elementor-element-88e1a50 elementor-section-boxed elementor-section-height-default elementor-section-height-default\" data-id=\"88e1a50\" data-element_type=\"section\">\n\t\t\t\t\t\t<div class=\"elementor-container elementor-column-gap-default\">\n\t\t\t\t\t<div class=\"elementor-column elementor-col-100 elementor-top-column elementor-element elementor-element-e86f863\" data-id=\"e86f863\" data-element_type=\"column\">\n\t\t\t<div class=\"elementor-widget-wrap elementor-element-populated\">\n\t\t\t\t\t\t<div class=\"elementor-element elementor-element-d6f28c8 elementor-widget elementor-widget-loquet-blog-widget\" data-id=\"d6f28c8\" data-element_type=\"widget\" data-widget_type=\"loquet-blog-widget.default\">\n\t\t\t\t<div class=\"elementor-widget-container\">\n\t\t\t<div class=\"gt-article-list\"><div class=\"gt-post-listing gt-style-2 gt-light gt-align-left\"><div class=\"gt-item\"><div class=\"gt-image\"><a href=\"https:\/\/mudia.be\/nl\/chef-doeuvre-de-lannee\/\"><img fetchpriority=\"high\" decoding=\"async\" width=\"940\" height=\"788\" src=\"https:\/\/mudia.be\/wp-content\/uploads\/2026\/03\/Copie-de-FR_TEMPLATE-social-4x5-single-Publication-Facebook.png\" class=\"attachment-loquet-full size-loquet-full wp-post-image\" alt=\"Deux oeuvres du Mudia en lice pour remporter le titre de Chef d&#039;oeuvre de l&#039;ann\u00e9e\" srcset=\"https:\/\/mudia.be\/wp-content\/uploads\/2026\/03\/Copie-de-FR_TEMPLATE-social-4x5-single-Publication-Facebook.png 940w, https:\/\/mudia.be\/wp-content\/uploads\/2026\/03\/Copie-de-FR_TEMPLATE-social-4x5-single-Publication-Facebook-300x251.png 300w, https:\/\/mudia.be\/wp-content\/uploads\/2026\/03\/Copie-de-FR_TEMPLATE-social-4x5-single-Publication-Facebook-768x644.png 768w, https:\/\/mudia.be\/wp-content\/uploads\/2026\/03\/Copie-de-FR_TEMPLATE-social-4x5-single-Publication-Facebook-14x12.png 14w, https:\/\/mudia.be\/wp-content\/uploads\/2026\/03\/Copie-de-FR_TEMPLATE-social-4x5-single-Publication-Facebook-415x348.png 415w, https:\/\/mudia.be\/wp-content\/uploads\/2026\/03\/Copie-de-FR_TEMPLATE-social-4x5-single-Publication-Facebook-650x545.png 650w, https:\/\/mudia.be\/wp-content\/uploads\/2026\/03\/Copie-de-FR_TEMPLATE-social-4x5-single-Publication-Facebook-250x210.png 250w\" sizes=\"(max-width: 940px) 100vw, 940px\" \/><\/a><\/div><div class=\"gt-content\"><div class=\"gt-content-inner\"><div class=\"gt-post-header\"><div class=\"gt-title\"><a href=\"https:\/\/mudia.be\/nl\/chef-doeuvre-de-lannee\/\">Votez pour Oostende (L\u00e9on Spilliaert) comme \u00ab Chef-d&rsquo;\u0153uvre de l&rsquo;ann\u00e9e \u00bb !<\/a><\/div><div class=\"gt-details\"><ul><li class=\"gt-author\"><a href=\"https:\/\/mudia.be\/nl\/author\/vmarche\/\">Victoria Marche<\/a><\/li><li class=\"gt-date\"><span>19 maart 2026<\/span><\/li><\/ul><\/div><\/div><div class=\"gt-excerpt\"><p>MuseumPASSmus\u00e9es lance \u00e0 nouveau un grand concours public dans le cadre de la Semaine des Mus\u00e9es belges. La pi\u00e8ce de mus\u00e9e qui aura obtenu le...<\/p>\n<\/div><div class=\"gt-button gt-style-3 gt-inline-flex\"><a href=\"https:\/\/mudia.be\/nl\/chef-doeuvre-de-lannee\/\">Continue Reading<\/a><\/div><\/div><\/div><\/div><div class=\"gt-item\"><div class=\"gt-image\"><a href=\"https:\/\/mudia.be\/nl\/le-reve-a-lorigine-du-mudia-un-musee-pour-partager-la-passion-de-lart-avec-les-enfants\/\"><img decoding=\"async\" width=\"1159\" height=\"869\" src=\"https:\/\/mudia.be\/wp-content\/uploads\/2025\/12\/c-Olivier-Lefevre-2018-6.jpg\" class=\"attachment-loquet-full size-loquet-full wp-post-image\" alt=\"Marie-Th\u00e9r\u00e8se et \u00c9ric Noulet en 2018, \u00e0 l&#039;ouverture du mus\u00e9e. \u00a9Olivier Lef\u00e8vre\" srcset=\"https:\/\/mudia.be\/wp-content\/uploads\/2025\/12\/c-Olivier-Lefevre-2018-6.jpg 1159w, https:\/\/mudia.be\/wp-content\/uploads\/2025\/12\/c-Olivier-Lefevre-2018-6-300x225.jpg 300w, https:\/\/mudia.be\/wp-content\/uploads\/2025\/12\/c-Olivier-Lefevre-2018-6-1024x768.jpg 1024w, https:\/\/mudia.be\/wp-content\/uploads\/2025\/12\/c-Olivier-Lefevre-2018-6-768x576.jpg 768w, https:\/\/mudia.be\/wp-content\/uploads\/2025\/12\/c-Olivier-Lefevre-2018-6-16x12.jpg 16w, https:\/\/mudia.be\/wp-content\/uploads\/2025\/12\/c-Olivier-Lefevre-2018-6-640x480.jpg 640w, https:\/\/mudia.be\/wp-content\/uploads\/2025\/12\/c-Olivier-Lefevre-2018-6-415x311.jpg 415w, https:\/\/mudia.be\/wp-content\/uploads\/2025\/12\/c-Olivier-Lefevre-2018-6-650x487.jpg 650w, https:\/\/mudia.be\/wp-content\/uploads\/2025\/12\/c-Olivier-Lefevre-2018-6-250x187.jpg 250w\" sizes=\"(max-width: 1159px) 100vw, 1159px\" \/><\/a><\/div><div class=\"gt-content\"><div class=\"gt-content-inner\"><div class=\"gt-post-header\"><div class=\"gt-title\"><a href=\"https:\/\/mudia.be\/nl\/le-reve-a-lorigine-du-mudia-un-musee-pour-partager-la-passion-de-lart-avec-les-enfants\/\">Le r\u00eave \u00e0 l&rsquo;origine du Mudia ? Un mus\u00e9e pour partager la passion de l&rsquo;art avec les enfants<\/a><\/div><div class=\"gt-details\"><ul><li class=\"gt-author\"><a href=\"https:\/\/mudia.be\/nl\/author\/vmarche\/\">Victoria Marche<\/a><\/li><li class=\"gt-date\"><span>1 december 2025<\/span><\/li><\/ul><\/div><\/div><div class=\"gt-excerpt\"><p>Eric Noulet et son \u00e9pouse, Marie-Th\u00e9r\u00e8se Toussaint adoraient visiter des mus\u00e9es. En grands connaisseurs et collectionneurs d&rsquo;art, ce couple belge voyageait partout dans le monde...<\/p>\n<\/div><div class=\"gt-button gt-style-3 gt-inline-flex\"><a href=\"https:\/\/mudia.be\/nl\/le-reve-a-lorigine-du-mudia-un-musee-pour-partager-la-passion-de-lart-avec-les-enfants\/\">Continue Reading<\/a><\/div><\/div><\/div><\/div><div class=\"gt-item\"><div class=\"gt-image\"><a href=\"https:\/\/mudia.be\/nl\/5-raisons-de-decouvrir-le-mudia-selon-ceux-qui-lont-visite\/\"><img decoding=\"async\" width=\"1600\" height=\"1200\" src=\"https:\/\/mudia.be\/wp-content\/uploads\/2025\/10\/Un-voyage-a-travers-7-siecles-d-histoire-de-l-art.jpg\" class=\"attachment-loquet-full size-loquet-full wp-post-image\" alt=\"\" srcset=\"https:\/\/mudia.be\/wp-content\/uploads\/2025\/10\/Un-voyage-a-travers-7-siecles-d-histoire-de-l-art.jpg 1600w, https:\/\/mudia.be\/wp-content\/uploads\/2025\/10\/Un-voyage-a-travers-7-siecles-d-histoire-de-l-art-300x225.jpg 300w, https:\/\/mudia.be\/wp-content\/uploads\/2025\/10\/Un-voyage-a-travers-7-siecles-d-histoire-de-l-art-1024x768.jpg 1024w, https:\/\/mudia.be\/wp-content\/uploads\/2025\/10\/Un-voyage-a-travers-7-siecles-d-histoire-de-l-art-768x576.jpg 768w, https:\/\/mudia.be\/wp-content\/uploads\/2025\/10\/Un-voyage-a-travers-7-siecles-d-histoire-de-l-art-1536x1152.jpg 1536w, https:\/\/mudia.be\/wp-content\/uploads\/2025\/10\/Un-voyage-a-travers-7-siecles-d-histoire-de-l-art-16x12.jpg 16w, https:\/\/mudia.be\/wp-content\/uploads\/2025\/10\/Un-voyage-a-travers-7-siecles-d-histoire-de-l-art-640x480.jpg 640w, https:\/\/mudia.be\/wp-content\/uploads\/2025\/10\/Un-voyage-a-travers-7-siecles-d-histoire-de-l-art-415x311.jpg 415w, https:\/\/mudia.be\/wp-content\/uploads\/2025\/10\/Un-voyage-a-travers-7-siecles-d-histoire-de-l-art-650x488.jpg 650w, https:\/\/mudia.be\/wp-content\/uploads\/2025\/10\/Un-voyage-a-travers-7-siecles-d-histoire-de-l-art-250x188.jpg 250w\" sizes=\"(max-width: 1600px) 100vw, 1600px\" \/><\/a><\/div><div class=\"gt-content\"><div class=\"gt-content-inner\"><div class=\"gt-post-header\"><div class=\"gt-title\"><a href=\"https:\/\/mudia.be\/nl\/5-raisons-de-decouvrir-le-mudia-selon-ceux-qui-lont-visite\/\">5 raisons de d\u00e9couvrir le Mudia, selon ceux qui l&rsquo;ont visit\u00e9<\/a><\/div><div class=\"gt-details\"><ul><li class=\"gt-author\"><a href=\"https:\/\/mudia.be\/nl\/author\/vmarche\/\">Victoria Marche<\/a><\/li><li class=\"gt-date\"><span>17 oktober 2025<\/span><\/li><\/ul><\/div><\/div><div class=\"gt-excerpt\"><p>Au c\u0153ur du village de Redu, le Mudia attire chaque ann\u00e9e des milliers de curieux et passionn\u00e9s d\u2019art. Pourquoi ? Parce qu\u2019ici, on ne visite...<\/p>\n<\/div><div class=\"gt-button gt-style-3 gt-inline-flex\"><a href=\"https:\/\/mudia.be\/nl\/5-raisons-de-decouvrir-le-mudia-selon-ceux-qui-lont-visite\/\">Continue Reading<\/a><\/div><\/div><\/div><\/div><\/div><\/div>\t\t<\/div>\n\t\t\t\t<\/div>\n\t\t\t\t\t<\/div>\n\t\t<\/div>\n\t\t\t\t\t<\/div>\n\t\t<\/section>\n\t\t\t\t<section class=\"elementor-section elementor-top-section elementor-element elementor-element-2a3dcb5 elementor-section-boxed elementor-section-height-default elementor-section-height-default\" data-id=\"2a3dcb5\" data-element_type=\"section\">\n\t\t\t\t\t\t<div class=\"elementor-container elementor-column-gap-default\">\n\t\t\t\t\t<div class=\"elementor-column elementor-col-100 elementor-top-column elementor-element elementor-element-a4e5c31\" data-id=\"a4e5c31\" data-element_type=\"column\">\n\t\t\t<div class=\"elementor-widget-wrap\">\n\t\t\t\t\t\t\t<\/div>\n\t\t<\/div>\n\t\t\t\t\t<\/div>\n\t\t<\/section>\n\t\t\t\t<section class=\"elementor-section elementor-top-section elementor-element elementor-element-9410bf9 elementor-section-boxed elementor-section-height-default elementor-section-height-default\" data-id=\"9410bf9\" data-element_type=\"section\">\n\t\t\t\t\t\t<div class=\"elementor-container elementor-column-gap-default\">\n\t\t\t\t\t<div class=\"elementor-column elementor-col-100 elementor-top-column elementor-element elementor-element-41a44c0\" data-id=\"41a44c0\" data-element_type=\"column\">\n\t\t\t<div class=\"elementor-widget-wrap\">\n\t\t\t\t\t\t\t<\/div>\n\t\t<\/div>\n\t\t\t\t\t<\/div>\n\t\t<\/section>\n\t\t\t\t<\/div>","protected":false},"excerpt":{"rendered":"<p>5 raisons de d\u00e9couvrir le Mudia, selon ceux qui l&rsquo;ont visit\u00e9 Victoria Marche 17 octobre 2025 Au c\u0153ur du village de Redu, le Mudia attire&#8230;<\/p>","protected":false},"author":7,"featured_media":0,"parent":0,"menu_order":0,"comment_status":"closed","ping_status":"closed","template":"","meta":{"footnotes":""},"class_list":["post-8756","page","type-page","status-publish","hentry"],"yoast_head":"<!-- This site is optimized with the Yoast SEO plugin v27.4 - https:\/\/yoast.com\/product\/yoast-seo-wordpress\/ -->\n<title>Notre actualit\u00e9 - Mudia<\/title>\n<meta name=\"robots\" content=\"index, follow, max-snippet:-1, max-image-preview:large, max-video-preview:-1\" \/>\n<link rel=\"canonical\" href=\"https:\/\/mudia.be\/nl\/notre-actualite\/\" \/>\n<meta property=\"og:locale\" content=\"nl_BE\" \/>\n<meta property=\"og:type\" content=\"article\" \/>\n<meta property=\"og:title\" content=\"Notre actualit\u00e9 - Mudia\" \/>\n<meta property=\"og:description\" content=\"5 raisons de d\u00e9couvrir le Mudia, selon ceux qui l&rsquo;ont visit\u00e9 Victoria Marche 17 octobre 2025 Au c\u0153ur du village de Redu, le Mudia attire...\" \/>\n<meta property=\"og:url\" content=\"https:\/\/mudia.be\/nl\/notre-actualite\/\" \/>\n<meta property=\"og:site_name\" content=\"Mudia\" \/>\n<meta property=\"article:modified_time\" content=\"2025-11-28T14:33:34+00:00\" \/>\n<meta property=\"og:image\" content=\"https:\/\/mudia.be\/wp-content\/uploads\/2025\/10\/Un-voyage-a-travers-7-siecles-d-histoire-de-l-art.jpg\" \/>\n<meta name=\"twitter:card\" content=\"summary_large_image\" \/>\n<meta name=\"twitter:label1\" content=\"Geschatte leestijd\" \/>\n\t<meta name=\"twitter:data1\" content=\"1 minuut\" \/>\n<script type=\"application\/ld+json\" class=\"yoast-schema-graph\">{\"@context\":\"https:\\\/\\\/schema.org\",\"@graph\":[{\"@type\":\"WebPage\",\"@id\":\"https:\\\/\\\/mudia.be\\\/notre-actualite\\\/\",\"url\":\"https:\\\/\\\/mudia.be\\\/notre-actualite\\\/\",\"name\":\"Notre actualit\u00e9 - Mudia\",\"isPartOf\":{\"@id\":\"https:\\\/\\\/mudia.be\\\/#website\"},\"primaryImageOfPage\":{\"@id\":\"https:\\\/\\\/mudia.be\\\/notre-actualite\\\/#primaryimage\"},\"image\":{\"@id\":\"https:\\\/\\\/mudia.be\\\/notre-actualite\\\/#primaryimage\"},\"thumbnailUrl\":\"https:\\\/\\\/mudia.be\\\/wp-content\\\/uploads\\\/2025\\\/10\\\/Un-voyage-a-travers-7-siecles-d-histoire-de-l-art.jpg\",\"datePublished\":\"2025-11-28T13:59:06+00:00\",\"dateModified\":\"2025-11-28T14:33:34+00:00\",\"breadcrumb\":{\"@id\":\"https:\\\/\\\/mudia.be\\\/notre-actualite\\\/#breadcrumb\"},\"inLanguage\":\"nl-BE\",\"potentialAction\":[{\"@type\":\"ReadAction\",\"target\":[\"https:\\\/\\\/mudia.be\\\/notre-actualite\\\/\"]}]},{\"@type\":\"ImageObject\",\"inLanguage\":\"nl-BE\",\"@id\":\"https:\\\/\\\/mudia.be\\\/notre-actualite\\\/#primaryimage\",\"url\":\"https:\\\/\\\/mudia.be\\\/wp-content\\\/uploads\\\/2025\\\/10\\\/Un-voyage-a-travers-7-siecles-d-histoire-de-l-art.jpg\",\"contentUrl\":\"https:\\\/\\\/mudia.be\\\/wp-content\\\/uploads\\\/2025\\\/10\\\/Un-voyage-a-travers-7-siecles-d-histoire-de-l-art.jpg\"},{\"@type\":\"BreadcrumbList\",\"@id\":\"https:\\\/\\\/mudia.be\\\/notre-actualite\\\/#breadcrumb\",\"itemListElement\":[{\"@type\":\"ListItem\",\"position\":1,\"name\":\"Accueil\",\"item\":\"https:\\\/\\\/mudia.be\\\/\"},{\"@type\":\"ListItem\",\"position\":2,\"name\":\"Notre actualit\u00e9\"}]},{\"@type\":\"WebSite\",\"@id\":\"https:\\\/\\\/mudia.be\\\/#website\",\"url\":\"https:\\\/\\\/mudia.be\\\/\",\"name\":\"Mudia\",\"description\":\"L&#039;art autrement\",\"potentialAction\":[{\"@type\":\"SearchAction\",\"target\":{\"@type\":\"EntryPoint\",\"urlTemplate\":\"https:\\\/\\\/mudia.be\\\/?s={search_term_string}\"},\"query-input\":{\"@type\":\"PropertyValueSpecification\",\"valueRequired\":true,\"valueName\":\"search_term_string\"}}],\"inLanguage\":\"nl-BE\"}]}<\/script>\n<!-- \/ Yoast SEO plugin. -->","yoast_head_json":{"title":"Notre actualit\u00e9 - Mudia","robots":{"index":"index","follow":"follow","max-snippet":"max-snippet:-1","max-image-preview":"max-image-preview:large","max-video-preview":"max-video-preview:-1"},"canonical":"https:\/\/mudia.be\/nl\/notre-actualite\/","og_locale":"nl_BE","og_type":"article","og_title":"Notre actualit\u00e9 - Mudia","og_description":"5 raisons de d\u00e9couvrir le Mudia, selon ceux qui l&rsquo;ont visit\u00e9 Victoria Marche 17 octobre 2025 Au c\u0153ur du village de Redu, le Mudia attire...","og_url":"https:\/\/mudia.be\/nl\/notre-actualite\/","og_site_name":"Mudia","article_modified_time":"2025-11-28T14:33:34+00:00","og_image":[{"url":"https:\/\/mudia.be\/wp-content\/uploads\/2025\/10\/Un-voyage-a-travers-7-siecles-d-histoire-de-l-art.jpg","type":"","width":"","height":""}],"twitter_card":"summary_large_image","twitter_misc":{"Geschatte leestijd":"1 minuut"},"schema":{"@context":"https:\/\/schema.org","@graph":[{"@type":"WebPage","@id":"https:\/\/mudia.be\/notre-actualite\/","url":"https:\/\/mudia.be\/notre-actualite\/","name":"Notre actualit\u00e9 - Mudia","isPartOf":{"@id":"https:\/\/mudia.be\/#website"},"primaryImageOfPage":{"@id":"https:\/\/mudia.be\/notre-actualite\/#primaryimage"},"image":{"@id":"https:\/\/mudia.be\/notre-actualite\/#primaryimage"},"thumbnailUrl":"https:\/\/mudia.be\/wp-content\/uploads\/2025\/10\/Un-voyage-a-travers-7-siecles-d-histoire-de-l-art.jpg","datePublished":"2025-11-28T13:59:06+00:00","dateModified":"2025-11-28T14:33:34+00:00","breadcrumb":{"@id":"https:\/\/mudia.be\/notre-actualite\/#breadcrumb"},"inLanguage":"nl-BE","potentialAction":[{"@type":"ReadAction","target":["https:\/\/mudia.be\/notre-actualite\/"]}]},{"@type":"ImageObject","inLanguage":"nl-BE","@id":"https:\/\/mudia.be\/notre-actualite\/#primaryimage","url":"https:\/\/mudia.be\/wp-content\/uploads\/2025\/10\/Un-voyage-a-travers-7-siecles-d-histoire-de-l-art.jpg","contentUrl":"https:\/\/mudia.be\/wp-content\/uploads\/2025\/10\/Un-voyage-a-travers-7-siecles-d-histoire-de-l-art.jpg"},{"@type":"BreadcrumbList","@id":"https:\/\/mudia.be\/notre-actualite\/#breadcrumb","itemListElement":[{"@type":"ListItem","position":1,"name":"Accueil","item":"https:\/\/mudia.be\/"},{"@type":"ListItem","position":2,"name":"Notre actualit\u00e9"}]},{"@type":"WebSite","@id":"https:\/\/mudia.be\/#website","url":"https:\/\/mudia.be\/","name":"Mudia","description":"L&#039;art autrement","potentialAction":[{"@type":"SearchAction","target":{"@type":"EntryPoint","urlTemplate":"https:\/\/mudia.be\/?s={search_term_string}"},"query-input":{"@type":"PropertyValueSpecification","valueRequired":true,"valueName":"search_term_string"}}],"inLanguage":"nl-BE"}]}},"_links":{"self":[{"href":"https:\/\/mudia.be\/nl\/wp-json\/wp\/v2\/pages\/8756","targetHints":{"allow":["GET"]}}],"collection":[{"href":"https:\/\/mudia.be\/nl\/wp-json\/wp\/v2\/pages"}],"about":[{"href":"https:\/\/mudia.be\/nl\/wp-json\/wp\/v2\/types\/page"}],"author":[{"embeddable":true,"href":"https:\/\/mudia.be\/nl\/wp-json\/wp\/v2\/users\/7"}],"replies":[{"embeddable":true,"href":"https:\/\/mudia.be\/nl\/wp-json\/wp\/v2\/comments?post=8756"}],"version-history":[{"count":53,"href":"https:\/\/mudia.be\/nl\/wp-json\/wp\/v2\/pages\/8756\/revisions"}],"predecessor-version":[{"id":8954,"href":"https:\/\/mudia.be\/nl\/wp-json\/wp\/v2\/pages\/8756\/revisions\/8954"}],"wp:attachment":[{"href":"https:\/\/mudia.be\/nl\/wp-json\/wp\/v2\/media?parent=8756"}],"curies":[{"name":"wp","href":"https:\/\/api.w.org\/{rel}","templated":true}]}}