{"id":8307,"date":"2024-01-26T11:19:20","date_gmt":"2024-01-26T10:19:20","guid":{"rendered":"https:\/\/mudia.be\/?page_id=8307"},"modified":"2024-01-26T11:27:49","modified_gmt":"2024-01-26T10:27:49","slug":"conditions-generales-de-vente","status":"publish","type":"page","link":"https:\/\/mudia.be\/en\/conditions-generales-de-vente\/","title":{"rendered":"TERMS AND CONDITIONS OF SALE"},"content":{"rendered":"<div data-elementor-type=\"wp-page\" data-elementor-id=\"8307\" class=\"elementor elementor-8307\" data-elementor-post-type=\"page\">\n\t\t\t\t\t\t<section class=\"elementor-section elementor-top-section elementor-element elementor-element-dc2eee5 elementor-section-boxed elementor-section-height-default elementor-section-height-default\" data-id=\"dc2eee5\" data-element_type=\"section\">\n\t\t\t\t\t\t<div class=\"elementor-container elementor-column-gap-default\">\n\t\t\t\t\t<div class=\"elementor-column elementor-col-100 elementor-top-column elementor-element elementor-element-094b69e\" data-id=\"094b69e\" data-element_type=\"column\">\n\t\t\t<div class=\"elementor-widget-wrap elementor-element-populated\">\n\t\t\t\t\t\t<div class=\"elementor-element elementor-element-c660411 elementor-widget elementor-widget-heading\" data-id=\"c660411\" data-element_type=\"widget\" data-widget_type=\"heading.default\">\n\t\t\t\t<div class=\"elementor-widget-container\">\n\t\t\t<style>\/*! elementor - v3.21.0 - 26-05-2024 *\/\n.elementor-heading-title{padding:0;margin:0;line-height:1}.elementor-widget-heading .elementor-heading-title[class*=elementor-size-]>a{color:inherit;font-size:inherit;line-height:inherit}.elementor-widget-heading .elementor-heading-title.elementor-size-small{font-size:15px}.elementor-widget-heading .elementor-heading-title.elementor-size-medium{font-size:19px}.elementor-widget-heading .elementor-heading-title.elementor-size-large{font-size:29px}.elementor-widget-heading .elementor-heading-title.elementor-size-xl{font-size:39px}.elementor-widget-heading .elementor-heading-title.elementor-size-xxl{font-size:59px}<\/style><h2 class=\"elementor-heading-title elementor-size-default\">TERMS AND CONDITIONS OF SALE<\/h2>\t\t<\/div>\n\t\t\t\t<\/div>\n\t\t\t\t\t<\/div>\n\t\t<\/div>\n\t\t\t\t\t<\/div>\n\t\t<\/section>\n\t\t\t\t<section class=\"elementor-section elementor-top-section elementor-element elementor-element-4861512 elementor-section-boxed elementor-section-height-default elementor-section-height-default\" data-id=\"4861512\" data-element_type=\"section\">\n\t\t\t\t\t\t<div class=\"elementor-container elementor-column-gap-default\">\n\t\t\t\t\t<div class=\"elementor-column elementor-col-100 elementor-top-column elementor-element elementor-element-6c6b440\" data-id=\"6c6b440\" data-element_type=\"column\">\n\t\t\t<div class=\"elementor-widget-wrap elementor-element-populated\">\n\t\t\t\t\t\t<div class=\"elementor-element elementor-element-1183577 elementor-widget elementor-widget-text-editor\" data-id=\"1183577\" data-element_type=\"widget\" data-widget_type=\"text-editor.default\">\n\t\t\t\t<div class=\"elementor-widget-container\">\n\t\t\t<style>\/*! elementor - v3.21.0 - 26-05-2024 *\/\n.elementor-widget-text-editor.elementor-drop-cap-view-stacked .elementor-drop-cap{background-color:#69727d;color:#fff}.elementor-widget-text-editor.elementor-drop-cap-view-framed .elementor-drop-cap{color:#69727d;border:3px solid;background-color:transparent}.elementor-widget-text-editor:not(.elementor-drop-cap-view-default) .elementor-drop-cap{margin-top:8px}.elementor-widget-text-editor:not(.elementor-drop-cap-view-default) .elementor-drop-cap-letter{width:1em;height:1em}.elementor-widget-text-editor .elementor-drop-cap{float:left;text-align:center;line-height:1;font-size:50px}.elementor-widget-text-editor .elementor-drop-cap-letter{display:inline-block}<\/style>\t\t\t\t<h6>The agreements between the buyer and Mudia are fully and exclusively governed by these General Terms and Conditions, notwithstanding any conflicting information contained in any document issued by the buyer.<\/h6><h1>1. PRICE LIST AND ENTRANCE FEE<\/h1><h6>The entrance fee is specified on our website in \u20ac, all taxes included. Special conditions shall only be applied at the Welcome Desk on the day of the visit. Any buyer who has applied for a special rate will have to prove their legitimacy with an official document at the Welcome Desk.<\/h6><h1>2. PERSONAL DATA<\/h1><h6>When buying tickets via our website, the buyer is obliged to follow every step of the reservation procedure. During this procedure, the buyer will have to provide specific information that is necessary to manage their order. The buyer must confirm that the provided information is correct and up to date. The buyer of entrance tickets will take all necessary precautions to keep their password secret. In accordance with the CDPR, Mudia  will only use this data (e-mail address) for the promotion of its own activities. Mudia guarantees that this data will not be sold or exchanged under any circumstances. Visitors can unsubscribe from newsletters at any time and choose to no longer be part of the Mudia database by unsubscribing manually.<\/h6><h1>3. YOUR TICKET<\/h1><ul><li><h6>NO TICKETS WILL BE REFUNDED.<\/h6><\/li><li><h6>Issue: After acceptance of the payment, the ticket is sent to the e-mail address provided during the ordering process. It is issued in PDF format.<\/h6><\/li><li><h6>Validity: To be valid your ticket must be printed at home on a blank A4 sheet in portrait or displayed on the screen of your smartphone. A ticket is issued for each purchased admission. Selected date and time slot correspond to the visit of the permanent tour of the Mudia. \n\nThe validity of tickets is controlled and registered at the Welcome Desk with the help of a barcode reader. The ticket is only valid on the date selected during the ordering process. Multiple admissions with a single ticket are impossible. Only the first person to present the ticket may enter the museum. They will be presumed to be the legitimate bearer of the ticket. This is the reason why it is forbidden to copy, duplicate or forge the ticket in any way. The buyer must keep their e-ticket in a safe place. The buyer should never accept any ticket offered by a stranger, as it might be a copy. The ticket bearer may be a different person than the buyer.<\/h6><\/li><\/ul><h1>4. PAYMENT<\/h1><h6>The act of validating an order implies the obligation for the buyer to pay the indicated price. Buyers must pay for their purchases on the website by bank cards (bancontact, maestro) or credit cards (Visa, Mastercard, V-Pay, American Express). The debiting of the bank account will happen regardless of the use of the tickets. The proof of payment cannot be used as an entry ticket. Admission payments for groups are made directly at the Welcome Desk upon arrival or by invoice after the visit. The buyer must in any case must request the use of an invoice during the process of reservation and must provide the necessary billing information. Payments by invoice after the visit are only possible for groups that have made a reservation beforehand.<\/h6><h1>5. I DID NOT USE MY TICKET<\/h1><h6>Entrance tickets are valid for a single check-in at the date and time slot mentioned on the ticket. No tickets will be exchanged or refunded.<\/h6><h1>6. POSTPONING OF THE TICKETS<\/h1><h6>Postponing will be accepted. If the buyer is unable to show up on the scheduled day, we invite the buyer to send an email at info@mudia.be or give it to another person in the same price category.<\/h6><h1>7. GROUPS<\/h1><h6><strong>Reservation<\/strong><\/h6><ul><li><h6>Guided tours must be booked by e-mail or telephone at least 15 days before the date of the tour.<\/h6><\/li><li><h6>Any specific requests concerning the group, such as particular health needs, possible disabilities, language preferences or other special requirements, must be specified at the time of booking.<\/h6><\/li><\/ul><h6><strong>Group size<\/strong><\/h6><ul><li><h6>Each guide can accompany a group of up to 20 people.<\/h6><\/li><li><h6>For any group exceeding 20 people, several guides must be requested to ensure an optimal experience.<\/h6><\/li><\/ul><h6><strong>Cancellation policy<\/strong><\/h6><ul><li><h6>Any cancellation or modification of a guided tour booking must be made at least 10 days before the scheduled date of the tour.<\/h6><\/li><li><h6>If this deadline is not met, the guide's fees will be billed to the group.<\/h6><\/li><li><h6>By making a reservation, the customer unreservedly accepts the general terms and conditions of sale.<\/h6><\/li><\/ul>\t\t\t\t\t\t<\/div>\n\t\t\t\t<\/div>\n\t\t\t\t\t<\/div>\n\t\t<\/div>\n\t\t\t\t\t<\/div>\n\t\t<\/section>\n\t\t\t\t<\/div>","protected":false},"excerpt":{"rendered":"<p>CONDITIONS G\u00c9N\u00c9RALES DE VENTE Les conventions entre l\u2019acheteur et le Mudia sont int\u00e9gralement et exclusivement r\u00e9gies par les pr\u00e9sentes conditions g\u00e9n\u00e9rales, nonobstant toute disposition contraire&#8230;<\/p>","protected":false},"author":3,"featured_media":0,"parent":0,"menu_order":0,"comment_status":"closed","ping_status":"closed","template":"","meta":{"footnotes":""},"class_list":["post-8307","page","type-page","status-publish","hentry"],"yoast_head":"<!-- This site is optimized with the Yoast SEO plugin v27.4 - https:\/\/yoast.com\/product\/yoast-seo-wordpress\/ -->\n<title>CONDITIONS G\u00c9N\u00c9RALES DE VENTE - Mudia<\/title>\n<meta name=\"robots\" content=\"index, follow, max-snippet:-1, max-image-preview:large, max-video-preview:-1\" \/>\n<link rel=\"canonical\" href=\"https:\/\/mudia.be\/en\/conditions-generales-de-vente\/\" \/>\n<meta property=\"og:locale\" content=\"en_GB\" \/>\n<meta property=\"og:type\" content=\"article\" \/>\n<meta property=\"og:title\" content=\"CONDITIONS G\u00c9N\u00c9RALES DE VENTE - Mudia\" \/>\n<meta property=\"og:description\" content=\"CONDITIONS G\u00c9N\u00c9RALES DE VENTE Les conventions entre l\u2019acheteur et le Mudia sont int\u00e9gralement et exclusivement r\u00e9gies par les pr\u00e9sentes conditions g\u00e9n\u00e9rales, nonobstant toute disposition contraire...\" \/>\n<meta property=\"og:url\" content=\"https:\/\/mudia.be\/en\/conditions-generales-de-vente\/\" \/>\n<meta property=\"og:site_name\" content=\"Mudia\" \/>\n<meta property=\"article:modified_time\" content=\"2024-01-26T10:27:49+00:00\" \/>\n<meta name=\"twitter:card\" content=\"summary_large_image\" \/>\n<meta name=\"twitter:label1\" content=\"Estimated reading time\" \/>\n\t<meta name=\"twitter:data1\" content=\"5 minutes\" \/>\n<script type=\"application\/ld+json\" class=\"yoast-schema-graph\">{\"@context\":\"https:\\\/\\\/schema.org\",\"@graph\":[{\"@type\":\"WebPage\",\"@id\":\"https:\\\/\\\/mudia.be\\\/conditions-generales-de-vente\\\/\",\"url\":\"https:\\\/\\\/mudia.be\\\/conditions-generales-de-vente\\\/\",\"name\":\"CONDITIONS G\u00c9N\u00c9RALES DE VENTE - Mudia\",\"isPartOf\":{\"@id\":\"https:\\\/\\\/mudia.be\\\/#website\"},\"datePublished\":\"2024-01-26T10:19:20+00:00\",\"dateModified\":\"2024-01-26T10:27:49+00:00\",\"breadcrumb\":{\"@id\":\"https:\\\/\\\/mudia.be\\\/conditions-generales-de-vente\\\/#breadcrumb\"},\"inLanguage\":\"en-GB\",\"potentialAction\":[{\"@type\":\"ReadAction\",\"target\":[\"https:\\\/\\\/mudia.be\\\/conditions-generales-de-vente\\\/\"]}]},{\"@type\":\"BreadcrumbList\",\"@id\":\"https:\\\/\\\/mudia.be\\\/conditions-generales-de-vente\\\/#breadcrumb\",\"itemListElement\":[{\"@type\":\"ListItem\",\"position\":1,\"name\":\"Accueil\",\"item\":\"https:\\\/\\\/mudia.be\\\/\"},{\"@type\":\"ListItem\",\"position\":2,\"name\":\"CONDITIONS G\u00c9N\u00c9RALES DE VENTE\"}]},{\"@type\":\"WebSite\",\"@id\":\"https:\\\/\\\/mudia.be\\\/#website\",\"url\":\"https:\\\/\\\/mudia.be\\\/\",\"name\":\"Mudia\",\"description\":\"L&#039;art autrement\",\"potentialAction\":[{\"@type\":\"SearchAction\",\"target\":{\"@type\":\"EntryPoint\",\"urlTemplate\":\"https:\\\/\\\/mudia.be\\\/?s={search_term_string}\"},\"query-input\":{\"@type\":\"PropertyValueSpecification\",\"valueRequired\":true,\"valueName\":\"search_term_string\"}}],\"inLanguage\":\"en-GB\"}]}<\/script>\n<!-- \/ Yoast SEO plugin. -->","yoast_head_json":{"title":"CONDITIONS G\u00c9N\u00c9RALES DE VENTE - Mudia","robots":{"index":"index","follow":"follow","max-snippet":"max-snippet:-1","max-image-preview":"max-image-preview:large","max-video-preview":"max-video-preview:-1"},"canonical":"https:\/\/mudia.be\/en\/conditions-generales-de-vente\/","og_locale":"en_GB","og_type":"article","og_title":"CONDITIONS G\u00c9N\u00c9RALES DE VENTE - Mudia","og_description":"CONDITIONS G\u00c9N\u00c9RALES DE VENTE Les conventions entre l\u2019acheteur et le Mudia sont int\u00e9gralement et exclusivement r\u00e9gies par les pr\u00e9sentes conditions g\u00e9n\u00e9rales, nonobstant toute disposition contraire...","og_url":"https:\/\/mudia.be\/en\/conditions-generales-de-vente\/","og_site_name":"Mudia","article_modified_time":"2024-01-26T10:27:49+00:00","twitter_card":"summary_large_image","twitter_misc":{"Estimated reading time":"5 minutes"},"schema":{"@context":"https:\/\/schema.org","@graph":[{"@type":"WebPage","@id":"https:\/\/mudia.be\/conditions-generales-de-vente\/","url":"https:\/\/mudia.be\/conditions-generales-de-vente\/","name":"CONDITIONS G\u00c9N\u00c9RALES DE VENTE - Mudia","isPartOf":{"@id":"https:\/\/mudia.be\/#website"},"datePublished":"2024-01-26T10:19:20+00:00","dateModified":"2024-01-26T10:27:49+00:00","breadcrumb":{"@id":"https:\/\/mudia.be\/conditions-generales-de-vente\/#breadcrumb"},"inLanguage":"en-GB","potentialAction":[{"@type":"ReadAction","target":["https:\/\/mudia.be\/conditions-generales-de-vente\/"]}]},{"@type":"BreadcrumbList","@id":"https:\/\/mudia.be\/conditions-generales-de-vente\/#breadcrumb","itemListElement":[{"@type":"ListItem","position":1,"name":"Accueil","item":"https:\/\/mudia.be\/"},{"@type":"ListItem","position":2,"name":"CONDITIONS G\u00c9N\u00c9RALES DE VENTE"}]},{"@type":"WebSite","@id":"https:\/\/mudia.be\/#website","url":"https:\/\/mudia.be\/","name":"Mudia","description":"L&#039;art autrement","potentialAction":[{"@type":"SearchAction","target":{"@type":"EntryPoint","urlTemplate":"https:\/\/mudia.be\/?s={search_term_string}"},"query-input":{"@type":"PropertyValueSpecification","valueRequired":true,"valueName":"search_term_string"}}],"inLanguage":"en-GB"}]}},"_links":{"self":[{"href":"https:\/\/mudia.be\/en\/wp-json\/wp\/v2\/pages\/8307","targetHints":{"allow":["GET"]}}],"collection":[{"href":"https:\/\/mudia.be\/en\/wp-json\/wp\/v2\/pages"}],"about":[{"href":"https:\/\/mudia.be\/en\/wp-json\/wp\/v2\/types\/page"}],"author":[{"embeddable":true,"href":"https:\/\/mudia.be\/en\/wp-json\/wp\/v2\/users\/3"}],"replies":[{"embeddable":true,"href":"https:\/\/mudia.be\/en\/wp-json\/wp\/v2\/comments?post=8307"}],"version-history":[{"count":4,"href":"https:\/\/mudia.be\/en\/wp-json\/wp\/v2\/pages\/8307\/revisions"}],"predecessor-version":[{"id":8311,"href":"https:\/\/mudia.be\/en\/wp-json\/wp\/v2\/pages\/8307\/revisions\/8311"}],"wp:attachment":[{"href":"https:\/\/mudia.be\/en\/wp-json\/wp\/v2\/media?parent=8307"}],"curies":[{"name":"wp","href":"https:\/\/api.w.org\/{rel}","templated":true}]}}