{"id":6899,"date":"2022-10-07T14:36:02","date_gmt":"2022-10-07T12:36:02","guid":{"rendered":"https:\/\/mudia.be\/?page_id=6899"},"modified":"2026-04-30T10:27:40","modified_gmt":"2026-04-30T08:27:40","slug":"privacy","status":"publish","type":"page","link":"https:\/\/mudia.be\/en\/privacy\/","title":{"rendered":"Politique en mati\u00e8re de vie priv\u00e9e"},"content":{"rendered":"<div data-elementor-type=\"wp-page\" data-elementor-id=\"6899\" class=\"elementor elementor-6899\" data-elementor-post-type=\"page\">\n\t\t\t\t\t\t<section class=\"elementor-section elementor-top-section elementor-element elementor-element-8d2e5bd elementor-section-boxed elementor-section-height-default elementor-section-height-default\" data-id=\"8d2e5bd\" data-element_type=\"section\">\n\t\t\t\t\t\t<div class=\"elementor-container elementor-column-gap-default\">\n\t\t\t\t\t<div class=\"elementor-column elementor-col-100 elementor-top-column elementor-element elementor-element-40bfe7d\" data-id=\"40bfe7d\" data-element_type=\"column\">\n\t\t\t<div class=\"elementor-widget-wrap elementor-element-populated\">\n\t\t\t\t\t\t<div class=\"elementor-element elementor-element-4a18593 elementor-widget elementor-widget-heading\" data-id=\"4a18593\" data-element_type=\"widget\" data-widget_type=\"heading.default\">\n\t\t\t\t<div class=\"elementor-widget-container\">\n\t\t\t<style>\/*! elementor - v3.21.0 - 26-05-2024 *\/\n.elementor-heading-title{padding:0;margin:0;line-height:1}.elementor-widget-heading .elementor-heading-title[class*=elementor-size-]>a{color:inherit;font-size:inherit;line-height:inherit}.elementor-widget-heading .elementor-heading-title.elementor-size-small{font-size:15px}.elementor-widget-heading .elementor-heading-title.elementor-size-medium{font-size:19px}.elementor-widget-heading .elementor-heading-title.elementor-size-large{font-size:29px}.elementor-widget-heading .elementor-heading-title.elementor-size-xl{font-size:39px}.elementor-widget-heading .elementor-heading-title.elementor-size-xxl{font-size:59px}<\/style><h2 class=\"elementor-heading-title elementor-size-default\">Politique en mati\u00e8re de vie priv\u00e9e\u200b<\/h2>\t\t<\/div>\n\t\t\t\t<\/div>\n\t\t\t\t\t<\/div>\n\t\t<\/div>\n\t\t\t\t\t<\/div>\n\t\t<\/section>\n\t\t\t\t<section class=\"elementor-section elementor-top-section elementor-element elementor-element-5e3a33c elementor-section-boxed elementor-section-height-default elementor-section-height-default\" data-id=\"5e3a33c\" data-element_type=\"section\">\n\t\t\t\t\t\t<div class=\"elementor-container elementor-column-gap-default\">\n\t\t\t\t\t<div class=\"elementor-column elementor-col-100 elementor-top-column elementor-element elementor-element-e8ed0e8\" data-id=\"e8ed0e8\" data-element_type=\"column\">\n\t\t\t<div class=\"elementor-widget-wrap elementor-element-populated\">\n\t\t\t\t\t\t<div class=\"elementor-element elementor-element-1c8eb9d elementor-widget elementor-widget-text-editor\" data-id=\"1c8eb9d\" data-element_type=\"widget\" data-widget_type=\"text-editor.default\">\n\t\t\t\t<div class=\"elementor-widget-container\">\n\t\t\t<style>\/*! elementor - v3.21.0 - 26-05-2024 *\/\n.elementor-widget-text-editor.elementor-drop-cap-view-stacked .elementor-drop-cap{background-color:#69727d;color:#fff}.elementor-widget-text-editor.elementor-drop-cap-view-framed .elementor-drop-cap{color:#69727d;border:3px solid;background-color:transparent}.elementor-widget-text-editor:not(.elementor-drop-cap-view-default) .elementor-drop-cap{margin-top:8px}.elementor-widget-text-editor:not(.elementor-drop-cap-view-default) .elementor-drop-cap-letter{width:1em;height:1em}.elementor-widget-text-editor .elementor-drop-cap{float:left;text-align:center;line-height:1;font-size:50px}.elementor-widget-text-editor .elementor-drop-cap-letter{display:inline-block}<\/style>\t\t\t\t<p>Au MUDIA REDU ASBL, nous respectons et prot\u00e9geons votre vie priv\u00e9e. Nous voulons rester dignes de la confiance que vous nous accordez en visitant notre site et en recourant \u00e0 nos services. Nous voulons \u00e9galement que vous vous sentiez parfaitement \u00e0 l&rsquo;aise lorsque vous surfez sur notre site. C&rsquo;est pourquoi nous tenons \u00e0 vous informer de mani\u00e8re transparente des pr\u00e9cautions que nous prenons pour traiter les donn\u00e9es personnelles que vous nous confiez.<\/p>\n<h4><strong>1. Comment enregistrons-nous vos donn\u00e9es personnelles?<\/strong><\/h4>\n<h5>1.1. Donn\u00e9es que vous choisissez de nous communiquer<\/h5>\n<p>Nous respectons la l\u00e9gislation relative \u00e0 la protection des donn\u00e9es personnelles.<\/p>\n<h5>1.2. Donn\u00e9es qui nous sont transmises automatiquement<\/h5>\n<p>D&rsquo;autres donn\u00e9es vous concernant nous sont, elles, transmises de mani\u00e8re automatique.<\/p>\n<p>Ainsi, nous enregistrons via des cookies divers crit\u00e8res de recherche tels que : situation g\u00e9ographique&#8230;<\/p>\n<p>Les cookies sont des petits fichiers informatiques envoy\u00e9s par nos serveurs et plac\u00e9s sur le disque dur de votre ordinateur. Ces cookies contiennent de l&rsquo;information qui ne peut \u00eatre d\u00e9chiffr\u00e9e que par Boncado.be et seulement lorsque vous visitez notre site. Ces cookies vous permettent de naviguer de mani\u00e8re plus agr\u00e9able sur notre site. Vous \u00eates bien s\u00fbr libres de refuser l&rsquo;installation de ces cookies. Toutefois, si vous d\u00e9sactivez des cookies (dans les r\u00e9glages de votre ordinateur), certaines sections peuvent ne pas appara\u00eetre correctement ou vous ne pourrez peut-\u00eatre pas avoir acc\u00e8s \u00e0 certaines parties du site web. Les cookies sont conserv\u00e9s sur le disque dur de votre ordinateur durant une p\u00e9riode de douze (12) mois au maximum.<\/p>\n<p>Nous enregistrons aussi automatiquement votre adresse TCP\/IP, la marque et la version de votre navigateur et la derni\u00e8re page web consult\u00e9e.<\/p>\n<h4><strong>2. Pour quelles finalit\u00e9s enregistrons-nous automatiquement certaines de vos donn\u00e9es ?<\/strong><\/h4>\n<h5>2.1. Finalit\u00e9s g\u00e9n\u00e9rales<\/h5>\n<p>\u2022 pour \u00e9tablir des \u00e9tudes de march\u00e9 ou des statistiques sur la fr\u00e9quentation des diff\u00e9rentes rubriques de notre site ;<br>\u2022 de mani\u00e8re plus g\u00e9n\u00e9rale, pour assurer l&rsquo;administration technique de notre site voire am\u00e9liorer sa navigabilit\u00e9 ;<\/p>\n<h5>2.2. Marketing direct et communication \u00e0 des tiers<\/h5>\n<p>Nous consid\u00e9rons vos donn\u00e9es personnelles comme des informations confidentielles que nous ne communiquons jamais \u00e0 des tiers et qui ne sont pas utilis\u00e9es \u00e0 des fins de marketing direct, sauf si vous nous avez donn\u00e9 votre consentement pr\u00e9alable (\u00ab opt-in \u00bb) en cochant le cas \u00e9ch\u00e9ant les cases ad\u00e9quates sur le site.<\/p>\n<p>Une fois que vous nous avez donn\u00e9 votre consentement, vous \u00eates libre de vous raviser \u00e0 tout moment. La loi pr\u00e9voit que vous avez le droit de vous opposer, sur demande et gratuitement, au traitement de vos donn\u00e9es \u00e0 caract\u00e8re personnel envisag\u00e9 \u00e0 des fins de marketing direct. Il vous suffit pour cela de nous communiquer votre demande en nous envoyant un e-mail \u00e0 l&rsquo;adresse info@mudia.be.<\/p>\n<h4><strong>3. Comment prot\u00e9geons-nous la confidentialit\u00e9 de vos donn\u00e9es personnelles ?<\/strong><\/h4>\n<p>Nous mettons en place des politiques de s\u00e9curit\u00e9 \u00e0 l&rsquo;\u00e9gard de vos donn\u00e9es personnelles emp\u00eachant dans la mesure du possible :<\/p>\n<p>\u2022 les acc\u00e8s ou modifications non autoris\u00e9s \u00e0 vos donn\u00e9es ;<br>\u2022 l&rsquo;usage inad\u00e9quat ou la divulgation de vos donn\u00e9es ;<br>\u2022 la destruction ill\u00e9gale ou la perte accidentelle de vos donn\u00e9es.<\/p>\n<p>Nos employ\u00e9s qui ont acc\u00e8s \u00e0 vos donn\u00e9es sont soumis \u00e0 une obligation stricte de confidentialit\u00e9 \u00e0 leur sujet.<\/p>\n<h4><strong>4. Comment pouvez-vous avoir acc\u00e8s \u00e0 vos donn\u00e9es personnelles ?<\/strong><\/h4>\n<p>Vous pouvez demander gratuitement d&rsquo;avoir acc\u00e8s et \u00e9ventuellement de solliciter la suppression toutes vos donn\u00e9es personnelles de notre base de donn\u00e9es. Pour cela, il vous suffit de nous en faire la demande par \u00e9crit, accompagn\u00e9e d&rsquo;une copie de votre carte d&rsquo;identit\u00e9. Nous ferons alors le n\u00e9cessaire pour satisfaire \u00e0 votre demande dans les plus brefs d\u00e9lais.<\/p>\n<h4><strong>5. Informations g\u00e9n\u00e9rales<\/strong><\/h4>\n<p>Nous avons mis un point d&rsquo;honneur \u00e0 ce que nos pratiques en mati\u00e8re de protection de vos donn\u00e9es personnelles soient strictement en conformit\u00e9 avec les l\u00e9gislations applicables en Belgique et au sein de l&rsquo;Union europ\u00e9enne :<\/p>\n<p>\u2022 la loi belge du 8 d\u00e9cembre 1992 relative \u00e0 la protection de la vie priv\u00e9e \u00e0 l\u2019\u00e9gard des traitements de donn\u00e9es \u00e0 caract\u00e8re personnel ;<br>\u2022 le R\u00e8glement 2016\/679\/UE du 27 avril 2016 relatif \u00e0 la protection des personnes physiques \u00e0 l&rsquo;\u00e9gard du traitement des donn\u00e9es \u00e0 caract\u00e8re personnel et \u00e0 la libre circulation de ces donn\u00e9es, et abrogeant la directive 95\/46\/CE.<\/p>\n<p>Veuillez noter que nous n&rsquo;assumons aucune responsabilit\u00e9 concernant la politique en mati\u00e8re de vie priv\u00e9e des sites web vers lesquels notre site \u00e9tablirait, le cas \u00e9ch\u00e9ant, des hyperliens, des sites tiers ou des sites de partenaires.<\/p><p><br><\/p>\t\t\t\t\t\t<\/div>\n\t\t\t\t<\/div>\n\t\t\t\t\t<\/div>\n\t\t<\/div>\n\t\t\t\t\t<\/div>\n\t\t<\/section>\n\t\t\t\t<\/div>","protected":false},"excerpt":{"rendered":"<p>Politique en mati\u00e8re de vie priv\u00e9e\u200b Au MUDIA REDU ASBL, nous respectons et prot\u00e9geons votre vie priv\u00e9e. Nous voulons rester dignes de la confiance que&#8230;<\/p>","protected":false},"author":3,"featured_media":0,"parent":0,"menu_order":0,"comment_status":"closed","ping_status":"closed","template":"elementor_header_footer","meta":{"footnotes":""},"class_list":["post-6899","page","type-page","status-publish","hentry"],"yoast_head":"<!-- This site is optimized with the Yoast SEO plugin v27.5 - https:\/\/yoast.com\/product\/yoast-seo-wordpress\/ -->\n<title>Politique en mati\u00e8re de vie priv\u00e9e - Mudia<\/title>\n<meta name=\"robots\" content=\"index, follow, max-snippet:-1, max-image-preview:large, max-video-preview:-1\" \/>\n<link rel=\"canonical\" href=\"https:\/\/mudia.be\/en\/privacy\/\" \/>\n<meta property=\"og:locale\" content=\"en_GB\" \/>\n<meta property=\"og:type\" content=\"article\" \/>\n<meta property=\"og:title\" content=\"Politique en mati\u00e8re de vie priv\u00e9e - Mudia\" \/>\n<meta property=\"og:description\" content=\"Politique en mati\u00e8re de vie priv\u00e9e\u200b Au MUDIA REDU ASBL, nous respectons et prot\u00e9geons votre vie priv\u00e9e. Nous voulons rester dignes de la confiance que...\" \/>\n<meta property=\"og:url\" content=\"https:\/\/mudia.be\/en\/privacy\/\" \/>\n<meta property=\"og:site_name\" content=\"Mudia\" \/>\n<meta property=\"article:modified_time\" content=\"2026-04-30T08:27:40+00:00\" \/>\n<meta name=\"twitter:card\" content=\"summary_large_image\" \/>\n<meta name=\"twitter:label1\" content=\"Estimated reading time\" \/>\n\t<meta name=\"twitter:data1\" content=\"4 minutes\" \/>\n<script type=\"application\/ld+json\" class=\"yoast-schema-graph\">{\"@context\":\"https:\\\/\\\/schema.org\",\"@graph\":[{\"@type\":\"WebPage\",\"@id\":\"https:\\\/\\\/mudia.be\\\/privacy\\\/\",\"url\":\"https:\\\/\\\/mudia.be\\\/privacy\\\/\",\"name\":\"Politique en mati\u00e8re de vie priv\u00e9e - Mudia\",\"isPartOf\":{\"@id\":\"https:\\\/\\\/mudia.be\\\/#website\"},\"datePublished\":\"2022-10-07T12:36:02+00:00\",\"dateModified\":\"2026-04-30T08:27:40+00:00\",\"breadcrumb\":{\"@id\":\"https:\\\/\\\/mudia.be\\\/privacy\\\/#breadcrumb\"},\"inLanguage\":\"en-GB\",\"potentialAction\":[{\"@type\":\"ReadAction\",\"target\":[\"https:\\\/\\\/mudia.be\\\/privacy\\\/\"]}]},{\"@type\":\"BreadcrumbList\",\"@id\":\"https:\\\/\\\/mudia.be\\\/privacy\\\/#breadcrumb\",\"itemListElement\":[{\"@type\":\"ListItem\",\"position\":1,\"name\":\"Accueil\",\"item\":\"https:\\\/\\\/mudia.be\\\/\"},{\"@type\":\"ListItem\",\"position\":2,\"name\":\"Politique en mati\u00e8re de vie priv\u00e9e\"}]},{\"@type\":\"WebSite\",\"@id\":\"https:\\\/\\\/mudia.be\\\/#website\",\"url\":\"https:\\\/\\\/mudia.be\\\/\",\"name\":\"Mudia\",\"description\":\"L&#039;art autrement\",\"potentialAction\":[{\"@type\":\"SearchAction\",\"target\":{\"@type\":\"EntryPoint\",\"urlTemplate\":\"https:\\\/\\\/mudia.be\\\/?s={search_term_string}\"},\"query-input\":{\"@type\":\"PropertyValueSpecification\",\"valueRequired\":true,\"valueName\":\"search_term_string\"}}],\"inLanguage\":\"en-GB\"}]}<\/script>\n<!-- \/ Yoast SEO plugin. -->","yoast_head_json":{"title":"Politique en mati\u00e8re de vie priv\u00e9e - Mudia","robots":{"index":"index","follow":"follow","max-snippet":"max-snippet:-1","max-image-preview":"max-image-preview:large","max-video-preview":"max-video-preview:-1"},"canonical":"https:\/\/mudia.be\/en\/privacy\/","og_locale":"en_GB","og_type":"article","og_title":"Politique en mati\u00e8re de vie priv\u00e9e - Mudia","og_description":"Politique en mati\u00e8re de vie priv\u00e9e\u200b Au MUDIA REDU ASBL, nous respectons et prot\u00e9geons votre vie priv\u00e9e. Nous voulons rester dignes de la confiance que...","og_url":"https:\/\/mudia.be\/en\/privacy\/","og_site_name":"Mudia","article_modified_time":"2026-04-30T08:27:40+00:00","twitter_card":"summary_large_image","twitter_misc":{"Estimated reading time":"4 minutes"},"schema":{"@context":"https:\/\/schema.org","@graph":[{"@type":"WebPage","@id":"https:\/\/mudia.be\/privacy\/","url":"https:\/\/mudia.be\/privacy\/","name":"Politique en mati\u00e8re de vie priv\u00e9e - Mudia","isPartOf":{"@id":"https:\/\/mudia.be\/#website"},"datePublished":"2022-10-07T12:36:02+00:00","dateModified":"2026-04-30T08:27:40+00:00","breadcrumb":{"@id":"https:\/\/mudia.be\/privacy\/#breadcrumb"},"inLanguage":"en-GB","potentialAction":[{"@type":"ReadAction","target":["https:\/\/mudia.be\/privacy\/"]}]},{"@type":"BreadcrumbList","@id":"https:\/\/mudia.be\/privacy\/#breadcrumb","itemListElement":[{"@type":"ListItem","position":1,"name":"Accueil","item":"https:\/\/mudia.be\/"},{"@type":"ListItem","position":2,"name":"Politique en mati\u00e8re de vie priv\u00e9e"}]},{"@type":"WebSite","@id":"https:\/\/mudia.be\/#website","url":"https:\/\/mudia.be\/","name":"Mudia","description":"L&#039;art autrement","potentialAction":[{"@type":"SearchAction","target":{"@type":"EntryPoint","urlTemplate":"https:\/\/mudia.be\/?s={search_term_string}"},"query-input":{"@type":"PropertyValueSpecification","valueRequired":true,"valueName":"search_term_string"}}],"inLanguage":"en-GB"}]}},"_links":{"self":[{"href":"https:\/\/mudia.be\/en\/wp-json\/wp\/v2\/pages\/6899","targetHints":{"allow":["GET"]}}],"collection":[{"href":"https:\/\/mudia.be\/en\/wp-json\/wp\/v2\/pages"}],"about":[{"href":"https:\/\/mudia.be\/en\/wp-json\/wp\/v2\/types\/page"}],"author":[{"embeddable":true,"href":"https:\/\/mudia.be\/en\/wp-json\/wp\/v2\/users\/3"}],"replies":[{"embeddable":true,"href":"https:\/\/mudia.be\/en\/wp-json\/wp\/v2\/comments?post=6899"}],"version-history":[{"count":39,"href":"https:\/\/mudia.be\/en\/wp-json\/wp\/v2\/pages\/6899\/revisions"}],"predecessor-version":[{"id":9101,"href":"https:\/\/mudia.be\/en\/wp-json\/wp\/v2\/pages\/6899\/revisions\/9101"}],"wp:attachment":[{"href":"https:\/\/mudia.be\/en\/wp-json\/wp\/v2\/media?parent=6899"}],"curies":[{"name":"wp","href":"https:\/\/api.w.org\/{rel}","templated":true}]}}