{"id":6006,"date":"2022-04-01T10:12:15","date_gmt":"2022-04-01T08:12:15","guid":{"rendered":"https:\/\/mudia.be\/?page_id=6006"},"modified":"2025-08-29T18:08:01","modified_gmt":"2025-08-29T16:08:01","slug":"mudia-billetterie","status":"publish","type":"page","link":"https:\/\/mudia.be\/en\/mudia-billetterie\/","title":{"rendered":"Mudia Billetterie"},"content":{"rendered":"<div data-elementor-type=\"wp-page\" data-elementor-id=\"6006\" class=\"elementor elementor-6006\" data-elementor-post-type=\"page\">\n\t\t\t\t\t\t<section class=\"elementor-section elementor-top-section elementor-element elementor-element-13d76ca elementor-section-boxed elementor-section-height-default elementor-section-height-default\" data-id=\"13d76ca\" data-element_type=\"section\">\n\t\t\t\t\t\t<div class=\"elementor-container elementor-column-gap-default\">\n\t\t\t\t\t<div class=\"elementor-column elementor-col-100 elementor-top-column elementor-element elementor-element-4eec6e8\" data-id=\"4eec6e8\" data-element_type=\"column\">\n\t\t\t<div class=\"elementor-widget-wrap elementor-element-populated\">\n\t\t\t\t\t\t<div class=\"elementor-element elementor-element-f48c581 elementor-widget elementor-widget-text-editor\" data-id=\"f48c581\" data-element_type=\"widget\" data-widget_type=\"text-editor.default\">\n\t\t\t\t<div class=\"elementor-widget-container\">\n\t\t\t<style>\/*! elementor - v3.21.0 - 26-05-2024 *\/\n.elementor-widget-text-editor.elementor-drop-cap-view-stacked .elementor-drop-cap{background-color:#69727d;color:#fff}.elementor-widget-text-editor.elementor-drop-cap-view-framed .elementor-drop-cap{color:#69727d;border:3px solid;background-color:transparent}.elementor-widget-text-editor:not(.elementor-drop-cap-view-default) .elementor-drop-cap{margin-top:8px}.elementor-widget-text-editor:not(.elementor-drop-cap-view-default) .elementor-drop-cap-letter{width:1em;height:1em}.elementor-widget-text-editor .elementor-drop-cap{float:left;text-align:center;line-height:1;font-size:50px}.elementor-widget-text-editor .elementor-drop-cap-letter{display:inline-block}<\/style>\t\t\t\tPour r\u00e9server vos tickets pour le Mudia,\u00a0<span style=\"font-size: inherit; background-color: var(--gt-background-color);\">cliquez <\/span><span style=\"font-size: inherit; background-color: var(--gt-background-color); text-decoration-line: underline;\"><strong><a href=\"https:\/\/mudia-pos.odoo.com\/\">ici<\/a><\/strong><\/span><span style=\"font-size: inherit; background-color: var(--gt-background-color);\">.<\/span>\t\t\t\t\t\t<\/div>\n\t\t\t\t<\/div>\n\t\t\t\t\t<\/div>\n\t\t<\/div>\n\t\t\t\t\t<\/div>\n\t\t<\/section>\n\t\t\t\t<\/div>","protected":false},"excerpt":{"rendered":"<p>Pour r\u00e9server vos tickets pour le Mudia,\u00a0cliquez ici.<\/p>","protected":false},"author":1,"featured_media":0,"parent":0,"menu_order":0,"comment_status":"closed","ping_status":"closed","template":"","meta":{"footnotes":""},"class_list":["post-6006","page","type-page","status-publish","hentry"],"yoast_head":"<!-- This site is optimized with the Yoast SEO plugin v27.5 - https:\/\/yoast.com\/product\/yoast-seo-wordpress\/ -->\n<title>R\u00e9servez votre visite au mus\u00e9e d&#039;art contemporain Mudia - Belgique<\/title>\n<meta name=\"description\" content=\"R\u00e9servez votre visite au mus\u00e9e didactique Mudia , d\u00e8s maintenant plongez dans l&#039;histoire de l&#039;art : Expositions d\u2019art contemporain en Belgique\" \/>\n<meta name=\"robots\" content=\"index, follow, max-snippet:-1, max-image-preview:large, max-video-preview:-1\" \/>\n<link rel=\"canonical\" href=\"https:\/\/mudia.be\/en\/mudia-billetterie\/\" \/>\n<meta property=\"og:locale\" content=\"en_GB\" \/>\n<meta property=\"og:type\" content=\"article\" \/>\n<meta property=\"og:title\" content=\"R\u00e9servez votre visite au mus\u00e9e d&#039;art contemporain Mudia - Belgique\" \/>\n<meta property=\"og:description\" content=\"R\u00e9servez votre visite au mus\u00e9e didactique Mudia , d\u00e8s maintenant plongez dans l&#039;histoire de l&#039;art : Expositions d\u2019art contemporain en Belgique\" \/>\n<meta property=\"og:url\" content=\"https:\/\/mudia.be\/en\/mudia-billetterie\/\" \/>\n<meta property=\"og:site_name\" content=\"Mudia\" \/>\n<meta property=\"article:modified_time\" content=\"2025-08-29T16:08:01+00:00\" \/>\n<meta name=\"twitter:card\" content=\"summary_large_image\" \/>\n<meta name=\"twitter:label1\" content=\"Estimated reading time\" \/>\n\t<meta name=\"twitter:data1\" content=\"1 minute\" \/>\n<script type=\"application\/ld+json\" class=\"yoast-schema-graph\">{\"@context\":\"https:\\\/\\\/schema.org\",\"@graph\":[{\"@type\":\"WebPage\",\"@id\":\"https:\\\/\\\/mudia.be\\\/mudia-billetterie\\\/\",\"url\":\"https:\\\/\\\/mudia.be\\\/mudia-billetterie\\\/\",\"name\":\"R\u00e9servez votre visite au mus\u00e9e d'art contemporain Mudia - Belgique\",\"isPartOf\":{\"@id\":\"https:\\\/\\\/mudia.be\\\/#website\"},\"datePublished\":\"2022-04-01T08:12:15+00:00\",\"dateModified\":\"2025-08-29T16:08:01+00:00\",\"description\":\"R\u00e9servez votre visite au mus\u00e9e didactique Mudia , d\u00e8s maintenant plongez dans l'histoire de l'art : Expositions d\u2019art contemporain en Belgique\",\"breadcrumb\":{\"@id\":\"https:\\\/\\\/mudia.be\\\/mudia-billetterie\\\/#breadcrumb\"},\"inLanguage\":\"en-GB\",\"potentialAction\":[{\"@type\":\"ReadAction\",\"target\":[\"https:\\\/\\\/mudia.be\\\/mudia-billetterie\\\/\"]}]},{\"@type\":\"BreadcrumbList\",\"@id\":\"https:\\\/\\\/mudia.be\\\/mudia-billetterie\\\/#breadcrumb\",\"itemListElement\":[{\"@type\":\"ListItem\",\"position\":1,\"name\":\"Accueil\",\"item\":\"https:\\\/\\\/mudia.be\\\/\"},{\"@type\":\"ListItem\",\"position\":2,\"name\":\"Mudia Billetterie\"}]},{\"@type\":\"WebSite\",\"@id\":\"https:\\\/\\\/mudia.be\\\/#website\",\"url\":\"https:\\\/\\\/mudia.be\\\/\",\"name\":\"Mudia\",\"description\":\"L&#039;art autrement\",\"potentialAction\":[{\"@type\":\"SearchAction\",\"target\":{\"@type\":\"EntryPoint\",\"urlTemplate\":\"https:\\\/\\\/mudia.be\\\/?s={search_term_string}\"},\"query-input\":{\"@type\":\"PropertyValueSpecification\",\"valueRequired\":true,\"valueName\":\"search_term_string\"}}],\"inLanguage\":\"en-GB\"}]}<\/script>\n<!-- \/ Yoast SEO plugin. -->","yoast_head_json":{"title":"R\u00e9servez votre visite au mus\u00e9e d'art contemporain Mudia - Belgique","description":"R\u00e9servez votre visite au mus\u00e9e didactique Mudia , d\u00e8s maintenant plongez dans l'histoire de l'art : Expositions d\u2019art contemporain en Belgique","robots":{"index":"index","follow":"follow","max-snippet":"max-snippet:-1","max-image-preview":"max-image-preview:large","max-video-preview":"max-video-preview:-1"},"canonical":"https:\/\/mudia.be\/en\/mudia-billetterie\/","og_locale":"en_GB","og_type":"article","og_title":"R\u00e9servez votre visite au mus\u00e9e d'art contemporain Mudia - Belgique","og_description":"R\u00e9servez votre visite au mus\u00e9e didactique Mudia , d\u00e8s maintenant plongez dans l'histoire de l'art : Expositions d\u2019art contemporain en Belgique","og_url":"https:\/\/mudia.be\/en\/mudia-billetterie\/","og_site_name":"Mudia","article_modified_time":"2025-08-29T16:08:01+00:00","twitter_card":"summary_large_image","twitter_misc":{"Estimated reading time":"1 minute"},"schema":{"@context":"https:\/\/schema.org","@graph":[{"@type":"WebPage","@id":"https:\/\/mudia.be\/mudia-billetterie\/","url":"https:\/\/mudia.be\/mudia-billetterie\/","name":"R\u00e9servez votre visite au mus\u00e9e d'art contemporain Mudia - Belgique","isPartOf":{"@id":"https:\/\/mudia.be\/#website"},"datePublished":"2022-04-01T08:12:15+00:00","dateModified":"2025-08-29T16:08:01+00:00","description":"R\u00e9servez votre visite au mus\u00e9e didactique Mudia , d\u00e8s maintenant plongez dans l'histoire de l'art : Expositions d\u2019art contemporain en Belgique","breadcrumb":{"@id":"https:\/\/mudia.be\/mudia-billetterie\/#breadcrumb"},"inLanguage":"en-GB","potentialAction":[{"@type":"ReadAction","target":["https:\/\/mudia.be\/mudia-billetterie\/"]}]},{"@type":"BreadcrumbList","@id":"https:\/\/mudia.be\/mudia-billetterie\/#breadcrumb","itemListElement":[{"@type":"ListItem","position":1,"name":"Accueil","item":"https:\/\/mudia.be\/"},{"@type":"ListItem","position":2,"name":"Mudia Billetterie"}]},{"@type":"WebSite","@id":"https:\/\/mudia.be\/#website","url":"https:\/\/mudia.be\/","name":"Mudia","description":"L&#039;art autrement","potentialAction":[{"@type":"SearchAction","target":{"@type":"EntryPoint","urlTemplate":"https:\/\/mudia.be\/?s={search_term_string}"},"query-input":{"@type":"PropertyValueSpecification","valueRequired":true,"valueName":"search_term_string"}}],"inLanguage":"en-GB"}]}},"_links":{"self":[{"href":"https:\/\/mudia.be\/en\/wp-json\/wp\/v2\/pages\/6006","targetHints":{"allow":["GET"]}}],"collection":[{"href":"https:\/\/mudia.be\/en\/wp-json\/wp\/v2\/pages"}],"about":[{"href":"https:\/\/mudia.be\/en\/wp-json\/wp\/v2\/types\/page"}],"author":[{"embeddable":true,"href":"https:\/\/mudia.be\/en\/wp-json\/wp\/v2\/users\/1"}],"replies":[{"embeddable":true,"href":"https:\/\/mudia.be\/en\/wp-json\/wp\/v2\/comments?post=6006"}],"version-history":[{"count":88,"href":"https:\/\/mudia.be\/en\/wp-json\/wp\/v2\/pages\/6006\/revisions"}],"predecessor-version":[{"id":8579,"href":"https:\/\/mudia.be\/en\/wp-json\/wp\/v2\/pages\/6006\/revisions\/8579"}],"wp:attachment":[{"href":"https:\/\/mudia.be\/en\/wp-json\/wp\/v2\/media?parent=6006"}],"curies":[{"name":"wp","href":"https:\/\/api.w.org\/{rel}","templated":true}]}}