{"id":24,"date":"2021-09-11T21:48:59","date_gmt":"2021-09-11T21:48:59","guid":{"rendered":"https:\/\/demo.gloriathemes.com\/loquet\/demo\/?page_id=24"},"modified":"2025-09-04T18:51:26","modified_gmt":"2025-09-04T16:51:26","slug":"contact-tourisme-visite-musee-animation-loaction-de-salle-entreprise-en-belgique-wallonie-ardennes","status":"publish","type":"page","link":"https:\/\/mudia.be\/en\/contact-tourisme-visite-musee-animation-loaction-de-salle-entreprise-en-belgique-wallonie-ardennes\/","title":{"rendered":"Mudia Contact"},"content":{"rendered":"<div data-elementor-type=\"wp-page\" data-elementor-id=\"24\" class=\"elementor elementor-24\" data-elementor-post-type=\"page\">\n\t\t\t\t\t\t<section class=\"elementor-section elementor-top-section elementor-element elementor-element-6d0ec2ed elementor-section-boxed elementor-section-height-default elementor-section-height-default\" data-id=\"6d0ec2ed\" data-element_type=\"section\">\n\t\t\t\t\t\t<div class=\"elementor-container elementor-column-gap-default\">\n\t\t\t\t\t<div class=\"elementor-column elementor-col-100 elementor-top-column elementor-element elementor-element-7d97edc0\" data-id=\"7d97edc0\" data-element_type=\"column\">\n\t\t\t<div class=\"elementor-widget-wrap elementor-element-populated\">\n\t\t\t\t\t\t<div class=\"elementor-element elementor-element-584129f7 elementor-widget elementor-widget-text-editor\" data-id=\"584129f7\" data-element_type=\"widget\" data-widget_type=\"text-editor.default\">\n\t\t\t\t<div class=\"elementor-widget-container\">\n\t\t\t<style>\/*! elementor - v3.21.0 - 26-05-2024 *\/\n.elementor-widget-text-editor.elementor-drop-cap-view-stacked .elementor-drop-cap{background-color:#69727d;color:#fff}.elementor-widget-text-editor.elementor-drop-cap-view-framed .elementor-drop-cap{color:#69727d;border:3px solid;background-color:transparent}.elementor-widget-text-editor:not(.elementor-drop-cap-view-default) .elementor-drop-cap{margin-top:8px}.elementor-widget-text-editor:not(.elementor-drop-cap-view-default) .elementor-drop-cap-letter{width:1em;height:1em}.elementor-widget-text-editor .elementor-drop-cap{float:left;text-align:center;line-height:1;font-size:50px}.elementor-widget-text-editor .elementor-drop-cap-letter{display:inline-block}<\/style>\t\t\t\t<p>We are here to help you by email or by telephone.<\/p><div>Info: <a href=\"tel: 32 61 51 11 96\">+32 (0)61 51 11 96<\/a>\u00a0ou <a href=\"mailto:info@mudia.be\">info@mudia.be<\/a><\/div><div>Group reservations: <a href=\"mailto:info@mudia.be\">info@mudia.be<\/a><\/div><div>\u00a0<\/div><p>Place de l&rsquo;Esro 61,<br \/>6890 Redu &#8211; Belgique<\/p>\t\t\t\t\t\t<\/div>\n\t\t\t\t<\/div>\n\t\t\t\t\t<\/div>\n\t\t<\/div>\n\t\t\t\t\t<\/div>\n\t\t<\/section>\n\t\t\t\t<\/div>","protected":false},"excerpt":{"rendered":"<p>Nous sommes \u00e0 votre disposition par mail ou par t\u00e9l\u00e9phone. Informations : +32 (0)61 51 11 96\u00a0ou info@mudia.beR\u00e9servations groupes : info@mudia.be\u00a0 Place de l&rsquo;Esro 61,6890&#8230;<\/p>","protected":false},"author":1,"featured_media":0,"parent":0,"menu_order":0,"comment_status":"closed","ping_status":"closed","template":"","meta":{"footnotes":""},"class_list":["post-24","page","type-page","status-publish","hentry"],"yoast_head":"<!-- This site is optimized with the Yoast SEO plugin v27.3 - https:\/\/yoast.com\/product\/yoast-seo-wordpress\/ -->\n<title>Tourisme a faire au mus\u00e9e Mudia - Belgique - Wallonie - Ardennes<\/title>\n<meta name=\"description\" content=\"Une visite au mus\u00e9e , attraction touristique , animation en famille , location de salle pour votre entreprise ? .. Contactez nous\" \/>\n<meta name=\"robots\" content=\"index, follow, max-snippet:-1, max-image-preview:large, max-video-preview:-1\" \/>\n<link rel=\"canonical\" href=\"https:\/\/mudia.be\/en\/contact-tourisme-visite-musee-animation-loaction-de-salle-entreprise-en-belgique-wallonie-ardennes\/\" \/>\n<meta property=\"og:locale\" content=\"en_GB\" \/>\n<meta property=\"og:type\" content=\"article\" \/>\n<meta property=\"og:title\" content=\"Tourisme a faire au mus\u00e9e Mudia - Belgique - Wallonie - Ardennes\" \/>\n<meta property=\"og:description\" content=\"Une visite au mus\u00e9e , attraction touristique , animation en famille , location de salle pour votre entreprise ? .. Contactez nous\" \/>\n<meta property=\"og:url\" content=\"https:\/\/mudia.be\/en\/contact-tourisme-visite-musee-animation-loaction-de-salle-entreprise-en-belgique-wallonie-ardennes\/\" \/>\n<meta property=\"og:site_name\" content=\"Mudia\" \/>\n<meta property=\"article:modified_time\" content=\"2025-09-04T16:51:26+00:00\" \/>\n<meta name=\"twitter:card\" content=\"summary_large_image\" \/>\n<meta name=\"twitter:label1\" content=\"Estimated reading time\" \/>\n\t<meta name=\"twitter:data1\" content=\"1 minute\" \/>\n<script type=\"application\/ld+json\" class=\"yoast-schema-graph\">{\"@context\":\"https:\\\/\\\/schema.org\",\"@graph\":[{\"@type\":\"WebPage\",\"@id\":\"https:\\\/\\\/mudia.be\\\/contact-tourisme-visite-musee-animation-loaction-de-salle-entreprise-en-belgique-wallonie-ardennes\\\/\",\"url\":\"https:\\\/\\\/mudia.be\\\/contact-tourisme-visite-musee-animation-loaction-de-salle-entreprise-en-belgique-wallonie-ardennes\\\/\",\"name\":\"Tourisme a faire au mus\u00e9e Mudia - Belgique - Wallonie - Ardennes\",\"isPartOf\":{\"@id\":\"https:\\\/\\\/mudia.be\\\/#website\"},\"datePublished\":\"2021-09-11T21:48:59+00:00\",\"dateModified\":\"2025-09-04T16:51:26+00:00\",\"description\":\"Une visite au mus\u00e9e , attraction touristique , animation en famille , location de salle pour votre entreprise ? .. Contactez nous\",\"breadcrumb\":{\"@id\":\"https:\\\/\\\/mudia.be\\\/contact-tourisme-visite-musee-animation-loaction-de-salle-entreprise-en-belgique-wallonie-ardennes\\\/#breadcrumb\"},\"inLanguage\":\"en-GB\",\"potentialAction\":[{\"@type\":\"ReadAction\",\"target\":[\"https:\\\/\\\/mudia.be\\\/contact-tourisme-visite-musee-animation-loaction-de-salle-entreprise-en-belgique-wallonie-ardennes\\\/\"]}]},{\"@type\":\"BreadcrumbList\",\"@id\":\"https:\\\/\\\/mudia.be\\\/contact-tourisme-visite-musee-animation-loaction-de-salle-entreprise-en-belgique-wallonie-ardennes\\\/#breadcrumb\",\"itemListElement\":[{\"@type\":\"ListItem\",\"position\":1,\"name\":\"Accueil\",\"item\":\"https:\\\/\\\/mudia.be\\\/\"},{\"@type\":\"ListItem\",\"position\":2,\"name\":\"Mudia Contact\"}]},{\"@type\":\"WebSite\",\"@id\":\"https:\\\/\\\/mudia.be\\\/#website\",\"url\":\"https:\\\/\\\/mudia.be\\\/\",\"name\":\"Mudia\",\"description\":\"L&#039;art autrement\",\"potentialAction\":[{\"@type\":\"SearchAction\",\"target\":{\"@type\":\"EntryPoint\",\"urlTemplate\":\"https:\\\/\\\/mudia.be\\\/?s={search_term_string}\"},\"query-input\":{\"@type\":\"PropertyValueSpecification\",\"valueRequired\":true,\"valueName\":\"search_term_string\"}}],\"inLanguage\":\"en-GB\"}]}<\/script>\n<!-- \/ Yoast SEO plugin. -->","yoast_head_json":{"title":"Tourisme a faire au mus\u00e9e Mudia - Belgique - Wallonie - Ardennes","description":"Une visite au mus\u00e9e , attraction touristique , animation en famille , location de salle pour votre entreprise ? .. Contactez nous","robots":{"index":"index","follow":"follow","max-snippet":"max-snippet:-1","max-image-preview":"max-image-preview:large","max-video-preview":"max-video-preview:-1"},"canonical":"https:\/\/mudia.be\/en\/contact-tourisme-visite-musee-animation-loaction-de-salle-entreprise-en-belgique-wallonie-ardennes\/","og_locale":"en_GB","og_type":"article","og_title":"Tourisme a faire au mus\u00e9e Mudia - Belgique - Wallonie - Ardennes","og_description":"Une visite au mus\u00e9e , attraction touristique , animation en famille , location de salle pour votre entreprise ? .. Contactez nous","og_url":"https:\/\/mudia.be\/en\/contact-tourisme-visite-musee-animation-loaction-de-salle-entreprise-en-belgique-wallonie-ardennes\/","og_site_name":"Mudia","article_modified_time":"2025-09-04T16:51:26+00:00","twitter_card":"summary_large_image","twitter_misc":{"Estimated reading time":"1 minute"},"schema":{"@context":"https:\/\/schema.org","@graph":[{"@type":"WebPage","@id":"https:\/\/mudia.be\/contact-tourisme-visite-musee-animation-loaction-de-salle-entreprise-en-belgique-wallonie-ardennes\/","url":"https:\/\/mudia.be\/contact-tourisme-visite-musee-animation-loaction-de-salle-entreprise-en-belgique-wallonie-ardennes\/","name":"Tourisme a faire au mus\u00e9e Mudia - Belgique - Wallonie - Ardennes","isPartOf":{"@id":"https:\/\/mudia.be\/#website"},"datePublished":"2021-09-11T21:48:59+00:00","dateModified":"2025-09-04T16:51:26+00:00","description":"Une visite au mus\u00e9e , attraction touristique , animation en famille , location de salle pour votre entreprise ? .. Contactez nous","breadcrumb":{"@id":"https:\/\/mudia.be\/contact-tourisme-visite-musee-animation-loaction-de-salle-entreprise-en-belgique-wallonie-ardennes\/#breadcrumb"},"inLanguage":"en-GB","potentialAction":[{"@type":"ReadAction","target":["https:\/\/mudia.be\/contact-tourisme-visite-musee-animation-loaction-de-salle-entreprise-en-belgique-wallonie-ardennes\/"]}]},{"@type":"BreadcrumbList","@id":"https:\/\/mudia.be\/contact-tourisme-visite-musee-animation-loaction-de-salle-entreprise-en-belgique-wallonie-ardennes\/#breadcrumb","itemListElement":[{"@type":"ListItem","position":1,"name":"Accueil","item":"https:\/\/mudia.be\/"},{"@type":"ListItem","position":2,"name":"Mudia Contact"}]},{"@type":"WebSite","@id":"https:\/\/mudia.be\/#website","url":"https:\/\/mudia.be\/","name":"Mudia","description":"L&#039;art autrement","potentialAction":[{"@type":"SearchAction","target":{"@type":"EntryPoint","urlTemplate":"https:\/\/mudia.be\/?s={search_term_string}"},"query-input":{"@type":"PropertyValueSpecification","valueRequired":true,"valueName":"search_term_string"}}],"inLanguage":"en-GB"}]}},"_links":{"self":[{"href":"https:\/\/mudia.be\/en\/wp-json\/wp\/v2\/pages\/24","targetHints":{"allow":["GET"]}}],"collection":[{"href":"https:\/\/mudia.be\/en\/wp-json\/wp\/v2\/pages"}],"about":[{"href":"https:\/\/mudia.be\/en\/wp-json\/wp\/v2\/types\/page"}],"author":[{"embeddable":true,"href":"https:\/\/mudia.be\/en\/wp-json\/wp\/v2\/users\/1"}],"replies":[{"embeddable":true,"href":"https:\/\/mudia.be\/en\/wp-json\/wp\/v2\/comments?post=24"}],"version-history":[{"count":35,"href":"https:\/\/mudia.be\/en\/wp-json\/wp\/v2\/pages\/24\/revisions"}],"predecessor-version":[{"id":8600,"href":"https:\/\/mudia.be\/en\/wp-json\/wp\/v2\/pages\/24\/revisions\/8600"}],"wp:attachment":[{"href":"https:\/\/mudia.be\/en\/wp-json\/wp\/v2\/media?parent=24"}],"curies":[{"name":"wp","href":"https:\/\/api.w.org\/{rel}","templated":true}]}}